{"id":73,"date":"2023-09-15T15:08:16","date_gmt":"2023-09-15T13:08:16","guid":{"rendered":"http:\/\/www.cabinet-infirmier-saint-exupery-aulnat.ovh\/index.php\/colibri-wp\/"},"modified":"2024-06-28T16:13:06","modified_gmt":"2024-06-28T14:13:06","slug":"colibri-wp","status":"publish","type":"page","link":"http:\/\/www.cabinet-infirmier-saint-exupery-aulnat.ovh\/","title":{"rendered":"Acceuil"},"content":{"rendered":"<style>\/*! elementor - v3.18.0 - 20-12-2023 *\/<br \/>\nbody.elementor-page .elementor-widget-menu-anchor{margin-bottom:0}<\/style>\n<style>\/*! elementor - v3.18.0 - 20-12-2023 *\/<br \/>\n.elementor-column .elementor-spacer-inner{height:var(--spacer-size)}.e-con{--container-widget-width:100%}.e-con-inner>.elementor-widget-spacer,.e-con>.elementor-widget-spacer{width:var(--container-widget-width,var(--spacer-size));--align-self:var(--container-widget-align-self,initial);--flex-shrink:0}.e-con-inner>.elementor-widget-spacer>.elementor-widget-container,.e-con>.elementor-widget-spacer>.elementor-widget-container{height:100%;width:100%}.e-con-inner>.elementor-widget-spacer>.elementor-widget-container>.elementor-spacer,.e-con>.elementor-widget-spacer>.elementor-widget-container>.elementor-spacer{height:100%}.e-con-inner>.elementor-widget-spacer>.elementor-widget-container>.elementor-spacer>.elementor-spacer-inner,.e-con>.elementor-widget-spacer>.elementor-widget-container>.elementor-spacer>.elementor-spacer-inner{height:var(--container-widget-height,var(--spacer-size))}.e-con-inner>.elementor-widget-spacer.elementor-widget-empty,.e-con>.elementor-widget-spacer.elementor-widget-empty{position:relative;min-height:22px;min-width:22px}.e-con-inner>.elementor-widget-spacer.elementor-widget-empty .elementor-widget-empty-icon,.e-con>.elementor-widget-spacer.elementor-widget-empty .elementor-widget-empty-icon{position:absolute;top:0;bottom:0;left:0;right:0;margin:auto;padding:0;width:22px;height:22px}<\/style>\n<style>\/*! elementor - v3.18.0 - 20-12-2023 *\/<br \/>\n.elementor-heading-title{padding:0;margin:0;line-height:1}.elementor-widget-heading .elementor-heading-title[class*=elementor-size-]>a{color:inherit;font-size:inherit;line-height:inherit}.elementor-widget-heading .elementor-heading-title.elementor-size-small{font-size:15px}.elementor-widget-heading .elementor-heading-title.elementor-size-medium{font-size:19px}.elementor-widget-heading .elementor-heading-title.elementor-size-large{font-size:29px}.elementor-widget-heading .elementor-heading-title.elementor-size-xl{font-size:39px}.elementor-widget-heading .elementor-heading-title.elementor-size-xxl{font-size:59px}<\/style>\n<h2>Qui somme nous ?<\/h2>\n<h2>Richard Ouardia<\/h2>\n<p>Infirmi\u00e8re Dipl\u00f4me d&#8217;Etat depuis 2009, j&#8217;ai travaill\u00e9 au p\u00f4le sant\u00e9 r\u00e9publique jusqu&#8217;en 2015 .J&#8217;ai ensuite ouvert un cabinet infirmier sur la commune de GERZAT o\u00f9 j&#8217;ai exerc\u00e9 pendant 8 ans.Et pour me rapprocher de ma commune\u00a0 je cr\u00e9e un nouveau cabinet infirmier sur AULNAT en juillet 2023.<\/p>\n<style>\/*! elementor - v3.18.0 - 20-12-2023 *\/<br \/>\n.elementor-widget-image{text-align:center}.elementor-widget-image a{display:inline-block}.elementor-widget-image a img[src$=\".svg\"]{width:48px}.elementor-widget-image img{vertical-align:middle;display:inline-block}<\/style>\n<p><img fetchpriority=\"high\" decoding=\"async\" src=\"http:\/\/www.cabinet-infirmier-saint-exupery-aulnat.ovh\/wp-content\/uploads\/2023\/12\/cropped-RICHARD-ouardia-scaled-3-1024x1024.jpg\" sizes=\"100vw\" srcset=\"http:\/\/www.cabinet-infirmier-saint-exupery-aulnat.ovh\/wp-content\/uploads\/2023\/12\/cropped-RICHARD-ouardia-scaled-3-1024x1024.jpg 1024w, http:\/\/www.cabinet-infirmier-saint-exupery-aulnat.ovh\/wp-content\/uploads\/2023\/12\/cropped-RICHARD-ouardia-scaled-3-300x300.jpg 300w, http:\/\/www.cabinet-infirmier-saint-exupery-aulnat.ovh\/wp-content\/uploads\/2023\/12\/cropped-RICHARD-ouardia-scaled-3-150x150.jpg 150w, http:\/\/www.cabinet-infirmier-saint-exupery-aulnat.ovh\/wp-content\/uploads\/2023\/12\/cropped-RICHARD-ouardia-scaled-3-768x768.jpg 768w, http:\/\/www.cabinet-infirmier-saint-exupery-aulnat.ovh\/wp-content\/uploads\/2023\/12\/cropped-RICHARD-ouardia-scaled-3.jpg 1194w\" alt=\"\" width=\"950\" height=\"950\" \/><br \/>\n<img decoding=\"async\" src=\"http:\/\/www.cabinet-infirmier-saint-exupery-aulnat.ovh\/wp-content\/uploads\/2023\/12\/cropped-cropped-ONDET-virginie-scaled-1.jpg\" sizes=\"100vw\" srcset=\"http:\/\/www.cabinet-infirmier-saint-exupery-aulnat.ovh\/wp-content\/uploads\/2023\/12\/cropped-cropped-ONDET-virginie-scaled-1.jpg 979w, http:\/\/www.cabinet-infirmier-saint-exupery-aulnat.ovh\/wp-content\/uploads\/2023\/12\/cropped-cropped-ONDET-virginie-scaled-1-300x300.jpg 300w, http:\/\/www.cabinet-infirmier-saint-exupery-aulnat.ovh\/wp-content\/uploads\/2023\/12\/cropped-cropped-ONDET-virginie-scaled-1-150x150.jpg 150w, http:\/\/www.cabinet-infirmier-saint-exupery-aulnat.ovh\/wp-content\/uploads\/2023\/12\/cropped-cropped-ONDET-virginie-scaled-1-768x765.jpg 768w\" alt=\"\" width=\"950\" height=\"946\" \/><\/p>\n<h2>ONDET virginie<\/h2>\n<p>Infirmi\u00e8re Dipl\u00f4me d&#8217;Etat depuis 2016 j&#8217;ai travaill\u00e9 \u00e0 la Ch\u00e2taignerai jusqu&#8217;en 2018. J&#8217;ai effectu\u00e9 des remplacements infirmier lib\u00e9ral sur GERZAT,MEZEL et LEZOUX jusqu&#8217;en novembre 2023 puis j&#8217;ai rejoint Ouardia RICHARD \u00e0 AULNAT.<\/p>\n<style>\/*! elementor - v3.18.0 - 20-12-2023 *\/<br \/>\n.elementor-widget-divider{--divider-border-style:none;--divider-border-width:1px;--divider-color:#0c0d0e;--divider-icon-size:20px;--divider-element-spacing:10px;--divider-pattern-height:24px;--divider-pattern-size:20px;--divider-pattern-url:none;--divider-pattern-repeat:repeat-x}.elementor-widget-divider .elementor-divider{display:flex}.elementor-widget-divider .elementor-divider__text{font-size:15px;line-height:1;max-width:95%}.elementor-widget-divider .elementor-divider__element{margin:0 var(--divider-element-spacing);flex-shrink:0}.elementor-widget-divider .elementor-icon{font-size:var(--divider-icon-size)}.elementor-widget-divider .elementor-divider-separator{display:flex;margin:0;direction:ltr}.elementor-widget-divider--view-line_icon .elementor-divider-separator,.elementor-widget-divider--view-line_text .elementor-divider-separator{align-items:center}.elementor-widget-divider--view-line_icon .elementor-divider-separator:after,.elementor-widget-divider--view-line_icon .elementor-divider-separator:before,.elementor-widget-divider--view-line_text .elementor-divider-separator:after,.elementor-widget-divider--view-line_text .elementor-divider-separator:before{display:block;content:\"\";border-bottom:0;flex-grow:1;border-top:var(--divider-border-width) var(--divider-border-style) var(--divider-color)}.elementor-widget-divider--element-align-left .elementor-divider .elementor-divider-separator>.elementor-divider__svg:first-of-type{flex-grow:0;flex-shrink:100}.elementor-widget-divider--element-align-left .elementor-divider-separator:before{content:none}.elementor-widget-divider--element-align-left .elementor-divider__element{margin-left:0}.elementor-widget-divider--element-align-right .elementor-divider .elementor-divider-separator>.elementor-divider__svg:last-of-type{flex-grow:0;flex-shrink:100}.elementor-widget-divider--element-align-right .elementor-divider-separator:after{content:none}.elementor-widget-divider--element-align-right .elementor-divider__element{margin-right:0}.elementor-widget-divider:not(.elementor-widget-divider--view-line_text):not(.elementor-widget-divider--view-line_icon) .elementor-divider-separator{border-top:var(--divider-border-width) var(--divider-border-style) var(--divider-color)}.elementor-widget-divider--separator-type-pattern{--divider-border-style:none}.elementor-widget-divider--separator-type-pattern.elementor-widget-divider--view-line .elementor-divider-separator,.elementor-widget-divider--separator-type-pattern:not(.elementor-widget-divider--view-line) .elementor-divider-separator:after,.elementor-widget-divider--separator-type-pattern:not(.elementor-widget-divider--view-line) .elementor-divider-separator:before,.elementor-widget-divider--separator-type-pattern:not([class*=elementor-widget-divider--view]) .elementor-divider-separator{width:100%;min-height:var(--divider-pattern-height);-webkit-mask-size:var(--divider-pattern-size) 100%;mask-size:var(--divider-pattern-size) 100%;-webkit-mask-repeat:var(--divider-pattern-repeat);mask-repeat:var(--divider-pattern-repeat);background-color:var(--divider-color);-webkit-mask-image:var(--divider-pattern-url);mask-image:var(--divider-pattern-url)}.elementor-widget-divider--no-spacing{--divider-pattern-size:auto}.elementor-widget-divider--bg-round{--divider-pattern-repeat:round}.rtl .elementor-widget-divider .elementor-divider__text{direction:rtl}.e-con-inner>.elementor-widget-divider,.e-con>.elementor-widget-divider{width:var(--container-widget-width,100%);--flex-grow:var(--container-widget-flex-grow)}<\/style>\n<h2>Notre Zone d&#8217;intervention<\/h2>\n<h3><em><strong>\u00a0 \u00a0 \u00a0 \u00a0 \u00a0 \u00a0 \u00a0 \u00a0 \u00a0 \u00a0Aulnat , Malintrat , Gerzat et Clermont-Ferrand<\/strong><\/em><\/h3>\n<h2>O\u00f9 somme nous ?<\/h2>\n<h4><strong>Nous somme situ\u00e9s au :<\/strong><\/h4>\n<h4><em>19 Avenue Saint-Exup\u00e9ry,<\/em><\/h4>\n<h4><em>63510 AULNAT<\/em><\/h4>\n<style>\/*! elementor - v3.18.0 - 20-12-2023 *\/<br \/>\n.elementor-widget-google_maps .elementor-widget-container{overflow:hidden}.elementor-widget-google_maps .elementor-custom-embed{line-height:0}.elementor-widget-google_maps iframe{height:300px}<\/style>\n<p><iframe title=\"19 Avenue Saint-Exup\u00e9ry, 63510 AULNAT\" src=\"https:\/\/maps.google.com\/maps?q=19%20Avenue%20Saint-Exup%C3%A9ry%2C%2063510%20AULNAT&amp;t=m&amp;z=15&amp;output=embed&amp;iwloc=near\" aria-label=\"19 Avenue Saint-Exup\u00e9ry, 63510 AULNAT\"><\/iframe><br \/>\n<img decoding=\"async\" src=\"http:\/\/www.cabinet-infirmier-saint-exupery-aulnat.ovh\/wp-content\/uploads\/2023\/12\/cropped-cropped-facade-cabinet-scaled-1-1022x1024.jpg\" sizes=\"100vw\" srcset=\"http:\/\/www.cabinet-infirmier-saint-exupery-aulnat.ovh\/wp-content\/uploads\/2023\/12\/cropped-cropped-facade-cabinet-scaled-1-1022x1024.jpg 1022w, http:\/\/www.cabinet-infirmier-saint-exupery-aulnat.ovh\/wp-content\/uploads\/2023\/12\/cropped-cropped-facade-cabinet-scaled-1-300x300.jpg 300w, http:\/\/www.cabinet-infirmier-saint-exupery-aulnat.ovh\/wp-content\/uploads\/2023\/12\/cropped-cropped-facade-cabinet-scaled-1-150x150.jpg 150w, http:\/\/www.cabinet-infirmier-saint-exupery-aulnat.ovh\/wp-content\/uploads\/2023\/12\/cropped-cropped-facade-cabinet-scaled-1-768x769.jpg 768w, http:\/\/www.cabinet-infirmier-saint-exupery-aulnat.ovh\/wp-content\/uploads\/2023\/12\/cropped-cropped-facade-cabinet-scaled-1.jpg 1193w\" alt=\"\" width=\"950\" height=\"952\" \/><\/p>\n<h2>Nous contacter<\/h2>\n<h3>Renseignements<\/h3>\n<p>Soins \u00e0 domicile ou au cabinet sur rendez-vous.<\/p>\n<p>N&#8217;h\u00e9sitez pas \u00e0 nous laisser un message vocal\u00a0 ou un SMS au 0760305627,<\/p>\n<p>si nous sommes en tourn\u00e9e ou indisponible, nous vous rappellerons d\u00e9s que possible.<\/p>\n<p>Merci<\/p>\n<h3>Formulaire de contact<\/h3>\n\n<div class=\"wpcf7 no-js\" id=\"wpcf7-f162-o1\" lang=\"fr-FR\" dir=\"ltr\">\n<div class=\"screen-reader-response\"><p role=\"status\" aria-live=\"polite\" aria-atomic=\"true\"><\/p> <ul><\/ul><\/div>\n<form action=\"\/index.php\/wp-json\/wp\/v2\/pages\/73#wpcf7-f162-o1\" method=\"post\" class=\"wpcf7-form init\" aria-label=\"Formulaire de contact\" novalidate=\"novalidate\" data-status=\"init\">\n<div style=\"display: none;\">\n<input type=\"hidden\" name=\"_wpcf7\" value=\"162\" \/>\n<input type=\"hidden\" name=\"_wpcf7_version\" value=\"5.8.5\" \/>\n<input type=\"hidden\" name=\"_wpcf7_locale\" value=\"fr_FR\" \/>\n<input type=\"hidden\" name=\"_wpcf7_unit_tag\" value=\"wpcf7-f162-o1\" \/>\n<input type=\"hidden\" name=\"_wpcf7_container_post\" value=\"0\" \/>\n<input type=\"hidden\" name=\"_wpcf7_posted_data_hash\" value=\"\" \/>\n<\/div>\n<p><label> Votre nom (obligatoire)<br \/>\n<span class=\"wpcf7-form-control-wrap\" data-name=\"your-name\"><input size=\"40\" class=\"wpcf7-form-control wpcf7-text wpcf7-validates-as-required\" autocomplete=\"name\" aria-required=\"true\" aria-invalid=\"false\" value=\"\" type=\"text\" name=\"your-name\" \/><\/span> <\/label>\n<\/p>\n<p><label> Votre e-mail (obligatoire)<br \/>\n<span class=\"wpcf7-form-control-wrap\" data-name=\"your-email\"><input size=\"40\" class=\"wpcf7-form-control wpcf7-email wpcf7-validates-as-required wpcf7-text wpcf7-validates-as-email\" autocomplete=\"email\" aria-required=\"true\" aria-invalid=\"false\" value=\"\" type=\"email\" name=\"your-email\" \/><\/span> <\/label>\n<\/p>\n<p><label> Votre num\u00e9ro de t\u00e9l\u00e9phone portable (obligatoire)<br \/>\n<span class=\"wpcf7-form-control-wrap\" data-name=\"tel-817\"><input size=\"40\" class=\"wpcf7-form-control wpcf7-tel wpcf7-validates-as-required wpcf7-text wpcf7-validates-as-tel\" aria-required=\"true\" aria-invalid=\"false\" value=\"\" type=\"tel\" name=\"tel-817\" \/><\/span> <\/label>\n<\/p>\n<p><label> Objet (obligatoire)<br \/>\n<span class=\"wpcf7-form-control-wrap\" data-name=\"your-subject\"><input size=\"40\" class=\"wpcf7-form-control wpcf7-text wpcf7-validates-as-required\" aria-required=\"true\" aria-invalid=\"false\" value=\"\" type=\"text\" name=\"your-subject\" \/><\/span> <\/label>\n<\/p>\n<p><label> Votre message (obligatoire)<br \/>\n<span class=\"wpcf7-form-control-wrap\" data-name=\"your-message\"><textarea cols=\"40\" rows=\"10\" class=\"wpcf7-form-control wpcf7-textarea wpcf7-validates-as-required\" aria-required=\"true\" aria-invalid=\"false\" name=\"your-message\"><\/textarea><\/span> <\/label>\n<\/p>\n<p><input class=\"wpcf7-form-control wpcf7-submit has-spinner\" type=\"submit\" value=\"Envoyer\" \/>\n<\/p><div class=\"wpcf7-response-output\" aria-hidden=\"true\"><\/div>\n<\/form>\n<\/div>\n\n","protected":false},"excerpt":{"rendered":"<p>Qui somme nous ? Richard Ouardia Infirmi\u00e8re Dipl\u00f4me d&#8217;Etat depuis 2009, j&#8217;ai travaill\u00e9 au p\u00f4le sant\u00e9 r\u00e9publique jusqu&#8217;en 2015 .J&#8217;ai ensuite ouvert un cabinet infirmier sur la commune de GERZAT o\u00f9 j&#8217;ai exerc\u00e9 pendant 8 ans.Et pour me rapprocher de ma commune\u00a0 je cr\u00e9e un nouveau cabinet infirmier sur AULNAT en juillet 2023. ONDET virginie &hellip; <\/p>\n<p class=\"link-more\"><a href=\"http:\/\/www.cabinet-infirmier-saint-exupery-aulnat.ovh\/\" class=\"more-link\">Read more<span class=\"screen-reader-text\"> &#8220;Acceuil&#8221;<\/span><\/a><\/p>\n","protected":false},"author":1,"featured_media":0,"parent":0,"menu_order":0,"comment_status":"closed","ping_status":"closed","template":"","meta":{"footnotes":""},"class_list":["post-73","page","type-page","status-publish","hentry"],"_links":{"self":[{"href":"http:\/\/www.cabinet-infirmier-saint-exupery-aulnat.ovh\/index.php\/wp-json\/wp\/v2\/pages\/73","targetHints":{"allow":["GET"]}}],"collection":[{"href":"http:\/\/www.cabinet-infirmier-saint-exupery-aulnat.ovh\/index.php\/wp-json\/wp\/v2\/pages"}],"about":[{"href":"http:\/\/www.cabinet-infirmier-saint-exupery-aulnat.ovh\/index.php\/wp-json\/wp\/v2\/types\/page"}],"author":[{"embeddable":true,"href":"http:\/\/www.cabinet-infirmier-saint-exupery-aulnat.ovh\/index.php\/wp-json\/wp\/v2\/users\/1"}],"replies":[{"embeddable":true,"href":"http:\/\/www.cabinet-infirmier-saint-exupery-aulnat.ovh\/index.php\/wp-json\/wp\/v2\/comments?post=73"}],"version-history":[{"count":112,"href":"http:\/\/www.cabinet-infirmier-saint-exupery-aulnat.ovh\/index.php\/wp-json\/wp\/v2\/pages\/73\/revisions"}],"predecessor-version":[{"id":284,"href":"http:\/\/www.cabinet-infirmier-saint-exupery-aulnat.ovh\/index.php\/wp-json\/wp\/v2\/pages\/73\/revisions\/284"}],"wp:attachment":[{"href":"http:\/\/www.cabinet-infirmier-saint-exupery-aulnat.ovh\/index.php\/wp-json\/wp\/v2\/media?parent=73"}],"curies":[{"name":"wp","href":"https:\/\/api.w.org\/{rel}","templated":true}]}}